{"id":873,"date":"2024-06-24T10:17:12","date_gmt":"2024-06-24T08:17:12","guid":{"rendered":"https:\/\/osieczanka.pl\/?page_id=873"},"modified":"2024-07-18T16:52:10","modified_gmt":"2024-07-18T14:52:10","slug":"o-projekcie","status":"publish","type":"page","link":"https:\/\/osieczanka.pl\/index.php\/o-projekcie\/","title":{"rendered":"O PROJEKCIE"},"content":{"rendered":"\t\t<div data-elementor-type=\"wp-page\" data-elementor-id=\"873\" class=\"elementor elementor-873\">\n\t\t\t\t\t\t<section class=\"elementor-section elementor-top-section elementor-element elementor-element-1d016f1 elementor-section-boxed elementor-section-height-default elementor-section-height-default\" data-id=\"1d016f1\" data-element_type=\"section\" data-e-type=\"section\">\n\t\t\t\t\t\t<div class=\"elementor-container elementor-column-gap-default\">\n\t\t\t\t\t<div class=\"elementor-column elementor-col-100 elementor-top-column elementor-element elementor-element-0b7648c\" data-id=\"0b7648c\" data-element_type=\"column\" data-e-type=\"column\">\n\t\t\t<div class=\"elementor-widget-wrap elementor-element-populated\">\n\t\t\t\t\t\t<div class=\"elementor-element elementor-element-b8f8bbb elementor-widget elementor-widget-image\" data-id=\"b8f8bbb\" data-element_type=\"widget\" data-e-type=\"widget\" data-widget_type=\"image.default\">\n\t\t\t\t<div class=\"elementor-widget-container\">\n\t\t\t\t\t\t\t\t\t\t\t\t\t\t\t<img fetchpriority=\"high\" decoding=\"async\" width=\"1019\" height=\"720\" src=\"https:\/\/osieczanka.pl\/wp-content\/uploads\/2024\/06\/img-20240621-wa0004.jpg\" class=\"attachment-large size-large wp-image-875\" alt=\"tablica informacyjna o projekcie\" srcset=\"https:\/\/osieczanka.pl\/wp-content\/uploads\/2024\/06\/img-20240621-wa0004.jpg 1019w, https:\/\/osieczanka.pl\/wp-content\/uploads\/2024\/06\/img-20240621-wa0004-300x212.jpg 300w, https:\/\/osieczanka.pl\/wp-content\/uploads\/2024\/06\/img-20240621-wa0004-768x543.jpg 768w\" sizes=\"(max-width: 1019px) 100vw, 1019px\" title=\"\">\t\t\t\t\t\t\t\t\t\t\t\t\t\t\t<\/div>\n\t\t\t\t<\/div>\n\t\t\t\t<div class=\"elementor-element elementor-element-88f303a elementor-widget elementor-widget-heading\" data-id=\"88f303a\" data-element_type=\"widget\" data-e-type=\"widget\" data-widget_type=\"heading.default\">\n\t\t\t\t<div class=\"elementor-widget-container\">\n\t\t\t\t\t<h3 class=\"elementor-heading-title elementor-size-default\">WARTO\u015a\u0106 REALIZOWANEJ OPERACJI - 274 540 z\u0142<\/h3>\t\t\t\t<\/div>\n\t\t\t\t<\/div>\n\t\t\t\t\t<\/div>\n\t\t<\/div>\n\t\t\t\t\t<\/div>\n\t\t<\/section>\n\t\t\t\t<section class=\"elementor-section elementor-top-section elementor-element elementor-element-e9ebd56 elementor-section-boxed elementor-section-height-default elementor-section-height-default\" data-id=\"e9ebd56\" data-element_type=\"section\" data-e-type=\"section\">\n\t\t\t\t\t\t<div class=\"elementor-container elementor-column-gap-default\">\n\t\t\t\t\t<div class=\"elementor-column elementor-col-100 elementor-top-column elementor-element elementor-element-f3b0b96\" data-id=\"f3b0b96\" data-element_type=\"column\" data-e-type=\"column\">\n\t\t\t<div class=\"elementor-widget-wrap elementor-element-populated\">\n\t\t\t\t\t\t<div class=\"elementor-element elementor-element-1855417 elementor-widget elementor-widget-image\" data-id=\"1855417\" data-element_type=\"widget\" data-e-type=\"widget\" data-widget_type=\"image.default\">\n\t\t\t\t<div class=\"elementor-widget-container\">\n\t\t\t\t\t\t\t\t\t\t\t\t\t\t\t<img decoding=\"async\" width=\"670\" height=\"596\" src=\"https:\/\/osieczanka.pl\/wp-content\/uploads\/2024\/07\/plansza-informacyjna-PFR-pion-srodkowa.jpg\" class=\"attachment-large size-large wp-image-887\" alt=\"\" srcset=\"https:\/\/osieczanka.pl\/wp-content\/uploads\/2024\/07\/plansza-informacyjna-PFR-pion-srodkowa.jpg 670w, https:\/\/osieczanka.pl\/wp-content\/uploads\/2024\/07\/plansza-informacyjna-PFR-pion-srodkowa-300x267.jpg 300w\" sizes=\"(max-width: 670px) 100vw, 670px\" title=\"\">\t\t\t\t\t\t\t\t\t\t\t\t\t\t\t<\/div>\n\t\t\t\t<\/div>\n\t\t\t\t\t<\/div>\n\t\t<\/div>\n\t\t\t\t\t<\/div>\n\t\t<\/section>\n\t\t\t\t<\/div>\n\t\t","protected":false},"excerpt":{"rendered":"<p>WARTO\u015a\u0106 REALIZOWANEJ OPERACJI &#8211; 274 540 z\u0142<\/p>\n","protected":false},"author":1,"featured_media":0,"parent":0,"menu_order":0,"comment_status":"closed","ping_status":"closed","template":"","meta":{"site-sidebar-layout":"no-sidebar","site-content-layout":"page-builder","ast-site-content-layout":"full-width-container","site-content-style":"default","site-sidebar-style":"default","ast-global-header-display":"","ast-banner-title-visibility":"","ast-main-header-display":"","ast-hfb-above-header-display":"","ast-hfb-below-header-display":"","ast-hfb-mobile-header-display":"","site-post-title":"disabled","ast-breadcrumbs-content":"","ast-featured-img":"disabled","footer-sml-layout":"","ast-disable-related-posts":"","theme-transparent-header-meta":"","adv-header-id-meta":"","stick-header-meta":"","header-above-stick-meta":"","header-main-stick-meta":"","header-below-stick-meta":"","astra-migrate-meta-layouts":"set","ast-page-background-enabled":"default","ast-page-background-meta":{"desktop":{"background-color":"","background-image":"","background-repeat":"repeat","background-position":"center center","background-size":"auto","background-attachment":"scroll","background-type":"","background-media":"","overlay-type":"","overlay-color":"","overlay-opacity":"","overlay-gradient":""},"tablet":{"background-color":"","background-image":"","background-repeat":"repeat","background-position":"center center","background-size":"auto","background-attachment":"scroll","background-type":"","background-media":"","overlay-type":"","overlay-color":"","overlay-opacity":"","overlay-gradient":""},"mobile":{"background-color":"","background-image":"","background-repeat":"repeat","background-position":"center center","background-size":"auto","background-attachment":"scroll","background-type":"","background-media":"","overlay-type":"","overlay-color":"","overlay-opacity":"","overlay-gradient":""}},"ast-content-background-meta":{"desktop":{"background-color":"var(--ast-global-color-5)","background-image":"","background-repeat":"repeat","background-position":"center center","background-size":"auto","background-attachment":"scroll","background-type":"","background-media":"","overlay-type":"","overlay-color":"","overlay-opacity":"","overlay-gradient":""},"tablet":{"background-color":"var(--ast-global-color-5)","background-image":"","background-repeat":"repeat","background-position":"center center","background-size":"auto","background-attachment":"scroll","background-type":"","background-media":"","overlay-type":"","overlay-color":"","overlay-opacity":"","overlay-gradient":""},"mobile":{"background-color":"var(--ast-global-color-5)","background-image":"","background-repeat":"repeat","background-position":"center center","background-size":"auto","background-attachment":"scroll","background-type":"","background-media":"","overlay-type":"","overlay-color":"","overlay-opacity":"","overlay-gradient":""}},"footnotes":""},"class_list":["post-873","page","type-page","status-publish","hentry"],"_links":{"self":[{"href":"https:\/\/osieczanka.pl\/index.php\/wp-json\/wp\/v2\/pages\/873","targetHints":{"allow":["GET"]}}],"collection":[{"href":"https:\/\/osieczanka.pl\/index.php\/wp-json\/wp\/v2\/pages"}],"about":[{"href":"https:\/\/osieczanka.pl\/index.php\/wp-json\/wp\/v2\/types\/page"}],"author":[{"embeddable":true,"href":"https:\/\/osieczanka.pl\/index.php\/wp-json\/wp\/v2\/users\/1"}],"replies":[{"embeddable":true,"href":"https:\/\/osieczanka.pl\/index.php\/wp-json\/wp\/v2\/comments?post=873"}],"version-history":[{"count":16,"href":"https:\/\/osieczanka.pl\/index.php\/wp-json\/wp\/v2\/pages\/873\/revisions"}],"predecessor-version":[{"id":893,"href":"https:\/\/osieczanka.pl\/index.php\/wp-json\/wp\/v2\/pages\/873\/revisions\/893"}],"wp:attachment":[{"href":"https:\/\/osieczanka.pl\/index.php\/wp-json\/wp\/v2\/media?parent=873"}],"curies":[{"name":"wp","href":"https:\/\/api.w.org\/{rel}","templated":true}]}}